{"id":1397,"date":"2019-08-23T06:03:01","date_gmt":"2019-08-23T06:03:01","guid":{"rendered":"http:\/\/www.bodhicittatours.com\/?page_id=1397"},"modified":"2022-05-19T10:16:34","modified_gmt":"2022-05-19T10:16:34","slug":"nepal","status":"publish","type":"page","link":"https:\/\/www.bodhicittatours.com\/fr\/nepal\/","title":{"rendered":"Nepal"},"content":{"rendered":"<p>[vc_row full_width=&#8221;stretch_row_content_no_spaces&#8221; css=&#8221;.vc_custom_1622120367254{margin-right: 0px !important;margin-left: 0px !important;background-image: url(http:\/\/www.bodhicittatours.com\/wp-content\/uploads\/2021\/05\/toran-blur.jpg?id=2507) !important;}&#8221;][vc_column][vc_tta_accordion active_section=&#8221;1&#8243; css=&#8221;.vc_custom_1622045854694{margin-right: 30px !important;margin-left: 30px !important;}&#8221;][vc_tta_section title=&#8221;Introduction&#8221; tab_id=&#8221;1567677375109-a7be4141-cda8&#8243;][vc_message icon_fontawesome=&#8221;fa fa-hand-o-right&#8221;]<\/p>\n<p style=\"text-align: justify;\">Le N\u00e9pal est l'un des pays enclav\u00e9s d'Asie du Sud et a une population de 29 604 235 habitants selon le recensement 2011. La capitale est Katmandou, la ville la plus peupl\u00e9e du pays avec un million d'habitants. Le N\u00e9pal est situ\u00e9 entre deux pays g\u00e9ants : la Chine et l\u2019Inde.\nG\u00e9ographiquement, le pays est divis\u00e9 en trois parties : le grand Himalaya, la r\u00e9gion centrale du Pahad, et le Tera\u00ef au sud, comprenant des basses montagnes et des plaines. Le Pahad et le Tera\u00ef concentrent la majeure partie de la population.<\/p>\n<p>[\/vc_message][\/vc_tta_section][vc_tta_section title=&#8221;Politics&#8221; tab_id=&#8221;1567677375109-0b0e2d6d-e517&#8243;][vc_message icon_fontawesome=&#8221;fa fa-hand-o-right&#8221;]<\/p>\n<p style=\"text-align: justify;\">L'assembl\u00e9e constitutionnelle de 2008 a mis fin \u00e0 deux mill\u00e9naires d\u2019histoire monarchique au N\u00e9pal, et a introduit le premier r\u00e9gime r\u00e9publicain de l\u2019histoire du pays. M. Ram Varan Yadav (un d\u00e9put\u00e9 du parti du Congr\u00e8s) a \u00e9t\u00e9 \u00e9lu premier pr\u00e9sident du N\u00e9pal par l'assembl\u00e9e constitutionnelle. Aujourd'hui, le pays est une f\u00e9d\u00e9ration de sept provinces selon la nouvelle constitution promulgu\u00e9e le 20 septembre 2015. Chaque province a son propre gouvernement, mais le gouvernement central garde toujours le pouvoir et seules quelques pr\u00e9rogatives sont d\u00e9volues au gouvernement provincial. Le Parti communiste n\u00e9palais a obtenu la majorit\u00e9 absolue lors des derni\u00e8res \u00e9lections tenues en 2018, et il est aujourd\u2019hui au gouvernement. Le parti du Congr\u00e8s est dans l\u2019opposition. Le troisi\u00e8me parti le plus important est le Sanghiya Samajbadi Forum (Parti socialiste f\u00e9d\u00e9ral).<\/p>\n<p>[\/vc_message][\/vc_tta_section][vc_tta_section title=&#8221;History&#8221; tab_id=&#8221;1567677434920-8b9822f2-ce5a&#8221;][vc_message icon_fontawesome=&#8221;fa fa-hand-o-right&#8221;]<\/p>\n<p style=\"text-align: justify;\">L'histoire \u00e9crite du N\u00e9pal remonte au IIIe si\u00e8cle av. J.-C. On pense que la plus ancienne dynastie du N\u00e9pal est la dynastie des Gopal, qui \u00e9taient, selon leur nom, des gardiens de vaches. La seconde dynastie, les Mahishpal, avait pour activit\u00e9, toujours selon son nom, l\u2019\u00e9levage des buffles. La troisi\u00e8me dynastie est connue sous le nom de dynastie Kirat, et est mentionn\u00e9e par l'envoy\u00e9 de l'empereur Ashoka qui est entr\u00e9 dans la vall\u00e9e de Katmandou au IIIe si\u00e8cle av. J.-C. La quatri\u00e8me est la dynastie Lichhavi, au d\u00e9but de notre \u00e8re. La premi\u00e8re inscription de cette dynastie se trouve sur le pi\u00e9destal de la statue du roi Jay Burma. Cette dynastie a r\u00e9gn\u00e9 sur le pays pendant pr\u00e8s d'un mill\u00e9naire, mais la dynastie Thakuri a \u00e9galement r\u00e9gn\u00e9 entre temps. Au XIe si\u00e8cle, \u00e0 l'\u00e9poque de Gunakamdev, le palais a \u00e9t\u00e9 d\u00e9plac\u00e9 au centre de la ville m\u00e9di\u00e9vale de Katmandou et la ville a \u00e9t\u00e9 divis\u00e9e en 4 parties : la partie sup\u00e9rieure, la partie centrale, la partie du palais et la partie inf\u00e9rieure. La dynastie suivante est la dynastie Malla depuis le d\u00e9but du XIIIe si\u00e8cle. Au XVe si\u00e8cle, le pays a \u00e9t\u00e9 divis\u00e9 en deux parties et plus tard, au XVIIe si\u00e8cle, il a \u00e9t\u00e9 divis\u00e9 en trois royaumes : Kantipur, Bhaktapur et Lalitpur. Dans le m\u00eame temps, la partie occidentale et l'extr\u00eame ouest du N\u00e9pal moderne ont \u00e9t\u00e9 respectivement divis\u00e9s en 24 et 22 royaumes diff\u00e9rents. De m\u00eame, la partie orientale a \u00e9t\u00e9 divis\u00e9e en trois royaumes diff\u00e9rents. Alors, \u00e0 partir du XVIIIe si\u00e8cle, le roi de Gorkha a commenc\u00e9 \u00e0 conqu\u00e9rir tous ces petits royaumes. Apr\u00e8s une guerre des Gorkhas contre l'empire britannique de 1814 \u00e0 1816, la conqu\u00eate fut interrompue et le trait\u00e9 sign\u00e9 avec l'Inde britannique accorda aux Gorkhas le territoire actuel du N\u00e9pal. En 1846, les aristocrates Rana se sont livr\u00e9s \u00e0 un massacre au palais et ont pris le pouvoir, mettant en place un syst\u00e8me d'autocratie et d'oligarchie sur le N\u00e9pal qui a dur\u00e9 104 ans. Enfin, la d\u00e9mocratie a \u00e9t\u00e9 introduite en 1951 et le N\u00e9pal a connu un r\u00e9gime de monarchie parlementaire pendant 10 ans. En 1961, le roi a repris la totalit\u00e9 du pouvoir et a r\u00e9gn\u00e9 en monarque absolu jusqu\u2019en 1990. Finalement, la monarchie a \u00e9t\u00e9 abolie en 2008 et le N\u00e9pal est devenu une r\u00e9publique.<\/p>\n<p>[\/vc_message][\/vc_tta_section][vc_tta_section title=&#8221;Geography&#8221; tab_id=&#8221;1567677442608-54a8e4e9-cee5&#8243;][vc_message icon_fontawesome=&#8221;fa fa-hand-o-right&#8221;]<\/p>\n<p style=\"text-align: justify;\">Le N\u00e9pal, d\u2019une superficie de 147 516 km\u00b2, est situ\u00e9 entre deux g\u00e9ants : la Chine au nord et l'Inde \u00e0 l'est, au sud et \u00e0 l'ouest. G\u00e9ographiquement, le pays est divis\u00e9 en trois parties : la partie horizontale nord occup\u00e9e par le grand Himalaya et connue sous le nom de r\u00e9gion himalayenne, celle du milieu appel\u00e9e r\u00e9gion du Pahad o\u00f9 se trouvent les montagnes du centre culminant \u00e0 3600m, et la partie sud comprenant le massif sud et les plaines, le Tera\u00ef. 50% de la population totale du N\u00e9pal habite dans la r\u00e9gion du Tera\u00ef, 43% dans la r\u00e9gion du Pahad et 7% dans la r\u00e9gion de l'Himalaya. Trois principaux r\u00e9seaux hydrographiques irriguent le pays, ceux des rivi\u00e8res Koshi, Gandaki et Karnali.. Ces trois cours d\u2019eau prennent leur source dans l\u2019Himalaya et se jettent dans la Gange. Cinq climats (subtropical, temp\u00e9r\u00e9 chaud, temp\u00e9r\u00e9 froid, alpin et de toundra) sont pr\u00e9sents au N\u00e9pal, gr\u00e2ce \u00e0 la grande amplitude d\u2019altitude que conna\u00eet le pays, qui s\u2019\u00e9tage de 68m \u00e0 8848m. Un tiers de la cha\u00eene himalayenne et huit des 14 sommets de plus de 8000m sont situ\u00e9s au N\u00e9pal.<\/p>\n<p>[\/vc_message][\/vc_tta_section][vc_tta_section title=&#8221;Ethnics&#8221; tab_id=&#8221;1567677446941-495c9715-6ffe&#8221;][vc_message icon_fontawesome=&#8221;fa fa-hand-o-right&#8221;]<\/p>\n<p style=\"text-align: justify;\">Le N\u00e9pal compte 125 ethnies et castes diff\u00e9rentes. Les castes et groupes ethniques principaux sont les Chhetri, Brahmane, Magar, Tharu, Tamang, N\u00e9wa, Kami, Yadav, Rai, Gurung et Sherpa. La vall\u00e9e de Katmandou est le foyer du peuple N\u00e9wa. La partie la plus occidentale est habit\u00e9e par le peuple Magar et la partie occidentale appartient au peuple Gurung. La partie nord-est est habit\u00e9e par le peuple Sherpa et la partie orientale est peupl\u00e9e de Rai et de Limbu. Les Tharu et les Yadav occupent le sud du N\u00e9pal tandis que les Chhetri et les Brahmanes ont d'abord migr\u00e9 dans la vall\u00e9e de Sinja puis se sont r\u00e9partis dans le pays.<\/p>\n<p>[\/vc_message][vc_message icon_fontawesome=&#8221;fa fa-hand-o-right&#8221; css=&#8221;.vc_custom_1605111156999{margin-left: 30px !important;}&#8221;]<\/p>\n<h3>Les Brahmane<img loading=\"lazy\" decoding=\"async\" class=\"wp-image-2367 alignright\" src=\"http:\/\/www.bodhicittatours.com\/wp-content\/uploads\/2020\/11\/brahmin.jpg\" alt=\"\" width=\"235\" height=\"177\" srcset=\"https:\/\/www.bodhicittatours.com\/wp-content\/uploads\/2020\/11\/brahmin.jpg 500w, https:\/\/www.bodhicittatours.com\/wp-content\/uploads\/2020\/11\/brahmin-300x225.jpg 300w, https:\/\/www.bodhicittatours.com\/wp-content\/uploads\/2020\/11\/brahmin-342x257.jpg 342w\" sizes=\"auto, (max-width: 235px) 100vw, 235px\" \/><\/h3>\n<p style=\"text-align: justify;\">Ces personnes sont \u00e9galement appel\u00e9es Bahun. On pense qu'ils ont d'abord immigr\u00e9 dans l'extr\u00eame ouest et le centre ouest du N\u00e9pal, puis se sont r\u00e9pandus dans tout le pays. Dans le syst\u00e8me de castes de la communaut\u00e9 Khas, les Brahmanes occupent le premier rang. Au N\u00e9pal, ce groupe repr\u00e9sente 12,2 % de la population totale du pays. Ils sont divis\u00e9s en diff\u00e9rents sous-groupes comme Kumai, Purbiya, Upadhyaya, Jaisi, etc. Traditionnellement, leurs activit\u00e9s consistent \u00e0 accomplir des rituels pour les autres membres de la communaut\u00e9 Khas et \u00e0 enseigner. Aujourd'hui, ils sont davantage attir\u00e9s par la politique et les services publics. Ainsi, les Bahun occupent un grand nombre de postes au sein du gouvernement, du syst\u00e8me judiciaire et de l'administration publique. Ils sont adeptes de l'hindouisme et leur langue maternelle est le khas bhasha, plus r\u00e9cemment connu sous le nom de n\u00e9pali. Leur principal festival est Dashain, qui se tient en octobre pendant 15 jours. Ils c\u00e9l\u00e8brent \u00e9galement Tihar, Janai Purnima, Teej, Shiva Ratri, etc.<\/p>\n<p>[\/vc_message][vc_message icon_fontawesome=&#8221;fa fa-hand-o-right&#8221; css=&#8221;.vc_custom_1604574448925{margin-left: 30px !important;}&#8221;]<\/p>\n<h3>Les Chhetri<img loading=\"lazy\" decoding=\"async\" class=\"wp-image-1751 alignright\" src=\"http:\/\/www.bodhicittatours.com\/wp-content\/uploads\/2020\/02\/chhetri-236x300.jpg\" alt=\"\" width=\"191\" height=\"243\" srcset=\"https:\/\/www.bodhicittatours.com\/wp-content\/uploads\/2020\/02\/chhetri-236x300.jpg 236w, https:\/\/www.bodhicittatours.com\/wp-content\/uploads\/2020\/02\/chhetri-600x762.jpg 600w, https:\/\/www.bodhicittatours.com\/wp-content\/uploads\/2020\/02\/chhetri.jpg 630w\" sizes=\"auto, (max-width: 191px) 100vw, 191px\" \/><\/h3>\n<p style=\"text-align: justify;\">Un autre groupe de la communaut\u00e9 Khas est celui des Chhetris, qui repr\u00e9sente 16,6 % de la population. Ce groupe est plac\u00e9 au deuxi\u00e8me rang, juste apr\u00e8s les Brahmanes, dans le syst\u00e8me des castes au N\u00e9pal. Ces personnes ont \u00e9galement \u00e9migr\u00e9 de l'Inde \u00e0 l\u2019\u00e9poque m\u00e9di\u00e9vale. Ils \u00e9taient les administrateurs, gouverneurs et guerriers dans le royaume Khas dans l'ouest du N\u00e9pal et \u00e9galement dans le royaume Gorkha. Plus tard, ils se sont mis \u00e0 exercer toutes sortes de m\u00e9tiers. Leur langue maternelle est \u00e9galement le Khas Bhasha, comme les Brahmanes. Aujourd'hui, ils sont r\u00e9partis dans tout le pays.<\/p>\n<p>[\/vc_message][vc_message icon_fontawesome=&#8221;fa fa-hand-o-right&#8221; css=&#8221;.vc_custom_1604574496254{margin-left: 30px !important;}&#8221;]<\/p>\n<h3>Les Gurung<img loading=\"lazy\" decoding=\"async\" class=\"size-medium wp-image-1752 alignright\" src=\"http:\/\/www.bodhicittatours.com\/wp-content\/uploads\/2020\/02\/gurung-201x300.jpg\" alt=\"\" width=\"201\" height=\"300\" srcset=\"https:\/\/www.bodhicittatours.com\/wp-content\/uploads\/2020\/02\/gurung-201x300.jpg 201w, https:\/\/www.bodhicittatours.com\/wp-content\/uploads\/2020\/02\/gurung.jpg 536w\" sizes=\"auto, (max-width: 201px) 100vw, 201px\" \/><\/h3>\n<p style=\"text-align: justify;\">Les habitants de la vall\u00e9e de Pokhara et de ses environs sont les Gurung. Ils repr\u00e9sentent 1,9% de la population totale du N\u00e9pal. Le mot Gurung est d\u00e9riv\u00e9 de \u00ab Grong \u00bb qui signifie \u00ab agriculteur \u00bb. Les Gurungs se font appeler Tamu, ce qui signifie cavalier en langue tib\u00e9taine. Ils sont animistes ou adeptes de la religion b\u00f6n qui est de nature chamanique et animiste. Ils accomplissent les c\u00e9r\u00e9monies relatives \u00e0 la naissance, \u00e0 la mort et au mariage conform\u00e9ment \u00e0 la religion b\u00f6n et au bouddhisme. Le Lhosar (le nouvel an) est leur principale f\u00eate. Elle tombe au mois de d\u00e9cembre et les Gurungs la c\u00e9l\u00e8brent avec grand enthousiasme. Leur principale activit\u00e9 est l'\u00e9levage d'animaux. Depuis le XIXe si\u00e8cle, de nombreux Gurung se sont engag\u00e9s dans le r\u00e9giment Gorkha de l\u2019arm\u00e9e britannique. Les Gurungs qui ont migr\u00e9 dans les plaines sont influenc\u00e9s par l'hindouisme. L\u2019une des danses tr\u00e8s populaires parmi les Gurung est la danse gathu, elle est ex\u00e9cut\u00e9e au printemps par des jeunes filles vierges. Une autre tradition de ce peuple est le rodhi, terme qui d\u00e9signe les lieux de rencontre o\u00f9 les jeunes, supervis\u00e9s par des femmes plus \u00e2g\u00e9es, se r\u00e9unissent pour chanter, etc. La langue maternelle des Gurungs est le tamukwyi.<\/p>\n<p>[\/vc_message][vc_message icon_fontawesome=&#8221;fa fa-hand-o-right&#8221; css=&#8221;.vc_custom_1614311091059{margin-left: 30px !important;}&#8221;]<\/p>\n<h3>Les Magar<img loading=\"lazy\" decoding=\"async\" class=\"size-medium wp-image-1753 alignright\" src=\"http:\/\/www.bodhicittatours.com\/wp-content\/uploads\/2020\/02\/magar-300x262.jpg\" alt=\"\" width=\"300\" height=\"262\" srcset=\"https:\/\/www.bodhicittatours.com\/wp-content\/uploads\/2020\/02\/magar-300x262.jpg 300w, https:\/\/www.bodhicittatours.com\/wp-content\/uploads\/2020\/02\/magar-768x671.jpg 768w, https:\/\/www.bodhicittatours.com\/wp-content\/uploads\/2020\/02\/magar-600x524.jpg 600w, https:\/\/www.bodhicittatours.com\/wp-content\/uploads\/2020\/02\/magar.jpg 800w\" sizes=\"auto, (max-width: 300px) 100vw, 300px\" \/><\/h3>\n<p style=\"text-align: justify;\">Le peuple Magar, install\u00e9 de fa\u00e7on pr\u00e9dominante dans la partie occidentale du N\u00e9pal, repr\u00e9sente le troisi\u00e8me groupe ethnique le plus repr\u00e9sent\u00e9 au N\u00e9pal. Il est divis\u00e9 en diff\u00e9rents sous-groupes comme les Thapa, Ale, Rana, Budhathoki, Roka, Gharti et Pun pour n'en citer que quelques-uns. Ces sous-groupes se rattachent \u00e0 des lign\u00e9es patrilin\u00e9aires. Les Magar ont jusqu'\u00e0 trois langues maternelles diff\u00e9rentes : le Kham, le Kaike et le Dhut. Ce groupe ethnique compte \u00e0 la fois des adeptes de l'hindouisme et du bouddhisme. La plupart des Magar v\u00e9n\u00e8rent les m\u00eames dieux et d\u00e9esses et organisent ou participent \u00e0 des festivals, comme le font les hindous. La majorit\u00e9 d'entre eux suivent les traditions religieuses Khas-Bahun, c\u00e9l\u00e8brent presque exactement les m\u00eames festivals et beaucoup d'entre eux recourent aux services d\u2019un pr\u00eatre brahmane. Cependant, ils observent parall\u00e8lement un certain nombre de leurs rituels et c\u00e9r\u00e9monies tribales, des festivals en l\u2019honneur de leurs divinit\u00e9s claniques, et certains emploient \u00e9galement un lama pour effectuer les c\u00e9r\u00e9monies du cycle de vie \u00e0 la place du pr\u00eatre brahmane.<\/p>\n<p style=\"text-align: justify;\">La base de l'\u00e9conomie des Magar dans toutes les r\u00e9gions est g\u00e9n\u00e9ralement l'agriculture et le mara\u00eechage. Certains sont des pasteurs qui \u00e9l\u00e8vent des moutons et des ch\u00e8vres, d\u2019autres travaillent comme artisans ou travaillent le bambou. De nombreuses communaut\u00e9s de Magar  pratiquent l'agriculture s\u00e8che et l'\u00e9levage de buffles. Beaucoup de Magar acqui\u00e8rent du prestige en rejoignant les forces de s\u00e9curit\u00e9 britanniques et indiennes.<\/p>\n<p style=\"text-align: justify;\">La plupart d'entre eux construisent traditionnellement des maisons de deux \u00e9tages en pierre avec un toit de chaume ou dans certains cas, d'ardoise. La plupart des petites maisons des communaut\u00e9s de l'ouest sont de forme ronde et ovale et sont recouvertes de boue ocre ou rouge\u00e2tre. Les maisons des Magar dans les collines de l'est ne sont jamais rondes et sont le plus souvent blanchies \u00e0 la chaux.<\/p>\n<p>[\/vc_message][vc_message icon_fontawesome=&#8221;fa fa-hand-o-right&#8221; css=&#8221;.vc_custom_1604574651597{margin-left: 30px !important;}&#8221;]<\/p>\n<h3>Les N\u00e9wa<img loading=\"lazy\" decoding=\"async\" class=\"size-medium wp-image-1754 alignright\" src=\"http:\/\/www.bodhicittatours.com\/wp-content\/uploads\/2020\/02\/newari-300x254.jpg\" alt=\"\" width=\"300\" height=\"254\" srcset=\"https:\/\/www.bodhicittatours.com\/wp-content\/uploads\/2020\/02\/newari-300x254.jpg 300w, https:\/\/www.bodhicittatours.com\/wp-content\/uploads\/2020\/02\/newari-768x649.jpg 768w, https:\/\/www.bodhicittatours.com\/wp-content\/uploads\/2020\/02\/newari-600x507.jpg 600w, https:\/\/www.bodhicittatours.com\/wp-content\/uploads\/2020\/02\/newari.jpg 800w\" sizes=\"auto, (max-width: 300px) 100vw, 300px\" \/><\/h3>\n<p style=\"text-align: justify;\">Le peuple indig\u00e8ne de la vall\u00e9e de Katmandou, les N\u00e9wa, est l'un des groupes ethniques reconnus par la nation. En fait, les N\u00e9wa sont une civilisation plut\u00f4t qu'un groupe ethnique car les gens du nord et du sud se sont rassembl\u00e9s dans la vall\u00e9e de Katmandou au fil du temps et se sont int\u00e9gr\u00e9s en acceptant la culture et la tradition locales. Les N\u00e9wa sont principalement hindous et bouddhistes, mais il y a aussi des chr\u00e9tiens et des musulmans. De m\u00eame, leur morphologie va du type mongolo\u00efde au type aryen. Finalement, c\u2019est la langue qui fait leur unit\u00e9. Ils sont connus pour leur art et leur architecture, leur culture et leur tradition, leur nourriture et leur boissons. Leur histoire remonte au d\u00e9but de notre \u00e8re. On attribue \u00e0 ces gens la riche architecture des pagodes, sikhara, gumbaj, chaitya et stupas de la vall\u00e9e. Ce sont des gens qui aiment l'art, c'est pourquoi on peut voir l'art N\u00e9wa dans les tissus, sur les murs, les bois, les m\u00e9taux, les pierres, etc. Leurs fen\u00eatres et leurs portes sont d\u00e9licatement sculpt\u00e9es de motifs g\u00e9om\u00e9triques, floraux et animaux.<\/p>\n<p>[\/vc_message][vc_message icon_fontawesome=&#8221;fa fa-hand-o-right&#8221; css=&#8221;.vc_custom_1604574823878{margin-left: 30px !important;}&#8221;]<\/p>\n<h3>Les Sherpa<img loading=\"lazy\" decoding=\"async\" class=\"size-medium wp-image-1756 alignright\" src=\"http:\/\/www.bodhicittatours.com\/wp-content\/uploads\/2020\/02\/sherpa-220x300.jpg\" alt=\"\" width=\"220\" height=\"300\" srcset=\"https:\/\/www.bodhicittatours.com\/wp-content\/uploads\/2020\/02\/sherpa-220x300.jpg 220w, https:\/\/www.bodhicittatours.com\/wp-content\/uploads\/2020\/02\/sherpa.jpg 587w\" sizes=\"auto, (max-width: 220px) 100vw, 220px\" \/><\/h3>\n<p style=\"text-align: justify;\">Les Sherpas sont mondialement connus dans le domaine de l'alpinisme. Ce groupe ethnique repr\u00e9sente 0,42% de la population totale du pays. Comme ces personnes sont originaires du Kham, la partie sud-est du Tibet, ils sont appel\u00e9s Sherpa, ce qui signifie \u00ab peuple de l'Est \u00bb. Ils vivent principalement dans la r\u00e9gion de l'Everest, du Makalu et du Gaurishankar. Ils sont adeptes du bouddhisme et du b\u00f6n, et leur culture, leurs rituels, leurs festivals et leurs coutumes sont li\u00e9s \u00e0 ces religions. Leurs activit\u00e9s socio-religieuses se d\u00e9roulent dans les gompas, les monast\u00e8res bouddhistes de l'Himalaya. Le lama est le nom de leur pr\u00eatre qui effectue les rituels de la naissance \u00e0 la mort. Lhosar, la f\u00eate du nouvel an, qui a souvent lieu au mois de f\u00e9vrier, est c\u00e9l\u00e9br\u00e9e avec beaucoup d'enthousiasme par les Sherpa. Leur culture, leur mode de vie, leurs v\u00eatements et leur langue ressemblent beaucoup \u00e0 ceux du peuple tib\u00e9tain. La profession traditionnelle des Sherpa est l'\u00e9levage et le commerce d'animaux. Ils pratiquent \u00e9galement une petite agriculture en raison de la mauvaise qualit\u00e9 du sol et de la topographie. Aujourd'hui, la plupart d'entre eux vivent du tourisme, ce qui modifie profond\u00e9ment leur \u00e9conomie et leur mode de vie et \u00e9l\u00e8ve consid\u00e9rablement le niveau de vie de nombreux Sherpa.<\/p>\n<p>[\/vc_message][vc_message icon_fontawesome=&#8221;fa fa-hand-o-right&#8221; css=&#8221;.vc_custom_1604574880989{margin-left: 30px !important;}&#8221;]<\/p>\n<h3>Les Tamang<img loading=\"lazy\" decoding=\"async\" class=\"wp-image-1755 alignright\" src=\"http:\/\/www.bodhicittatours.com\/wp-content\/uploads\/2020\/02\/tamang-201x300.jpg\" alt=\"\" width=\"180\" height=\"269\" srcset=\"https:\/\/www.bodhicittatours.com\/wp-content\/uploads\/2020\/02\/tamang-201x300.jpg 201w, https:\/\/www.bodhicittatours.com\/wp-content\/uploads\/2020\/02\/tamang.jpg 535w\" sizes=\"auto, (max-width: 180px) 100vw, 180px\" \/><\/h3>\n<p style=\"text-align: justify;\">Les Tamang vivent principalement dans les districts autour de la vall\u00e9e de Katmandou, mais on les retrouve dans tout le pays, m\u00eame au-del\u00e0 du N\u00e9pal. Ils repr\u00e9sentent 6% de la population totale du N\u00e9pal. Le terme Tamang est compos\u00e9 de Ta et Mang, Ta signifie cheval et Mang d\u00e9signe un cavalier ou un commer\u00e7ant. Ainsi, Tamang signifie cavalier ou commer\u00e7ant de chevaux. Ils ont leurs propres langue, culture, coutumes, rituels et mode de vie. Ils croient au bouddhisme et au b\u00f6n avec l'influence de l'animisme. Ils ont un syst\u00e8me de six types de leaders soci\u00e9taux - Tamba, Ganba, Bonbo, Labonbo, Lama et Choho - qui maintiennent la soci\u00e9t\u00e9 Tamang vivante et dynamique, et transmettent \u00e0 chaque g\u00e9n\u00e9ration la conscience de ses devoirs et de ses responsabilit\u00e9s. Traditionnellement, les Tamang pratiquent l'agriculture et l'\u00e9levage. Mais aujourd'hui, ils sont impliqu\u00e9s dans l'arm\u00e9e de Gorkha, le tourisme et les services publics, et d\u2019autres activit\u00e9s.<\/p>\n<p>[\/vc_message][vc_message icon_fontawesome=&#8221;fa fa-hand-o-right&#8221; css=&#8221;.vc_custom_1614311691237{margin-left: 30px !important;}&#8221;]<\/p>\n<h3>Les Tharu<img loading=\"lazy\" decoding=\"async\" class=\"size-medium wp-image-1758 alignright\" src=\"http:\/\/www.bodhicittatours.com\/wp-content\/uploads\/2020\/02\/tharu-300x184.jpg\" alt=\"\" width=\"300\" height=\"184\" srcset=\"https:\/\/www.bodhicittatours.com\/wp-content\/uploads\/2020\/02\/tharu-300x184.jpg 300w, https:\/\/www.bodhicittatours.com\/wp-content\/uploads\/2020\/02\/tharu-768x470.jpg 768w, https:\/\/www.bodhicittatours.com\/wp-content\/uploads\/2020\/02\/tharu-600x367.jpg 600w, https:\/\/www.bodhicittatours.com\/wp-content\/uploads\/2020\/02\/tharu.jpg 900w\" sizes=\"auto, (max-width: 300px) 100vw, 300px\" \/><\/h3>\n<p style=\"text-align: justify;\" class=\"translation-block\">Le peuple du sud du N\u00e9pal qui constitue le quatri\u00e8me grand groupe de population du pays est l'ethnie Tharu. On pense qu'ils ont migr\u00e9 de la vall\u00e9e du Thar, dans l'Inde d'aujourd'hui, il y a tr\u00e8s longtemps, et que leur nom de Tharu est d\u00e9riv\u00e9 de Thar. Ils sont \u00e9galement r\u00e9sistants \u00e0 la malaria. Ils vivent donc dans la ceinture du Tera\u00ef depuis longtemps, lorsque la r\u00e9gion \u00e9tait connue pour \u00eatre une zone propice \u00e0 la malaria. Ils sont riches en diversit\u00e9 culturelle et divis\u00e9s en diff\u00e9rents sous-groupes : Kochila, Kotharia, Dangaha, Rana Tharu. Leur langue maternelle est divis\u00e9e en deux cat\u00e9gories diff\u00e9rentes : Rana Tharu et Dangaura Tharu. A l'origine, ils croient en l\u2019animisme mais ils suivent \u00e9galement l'hindouisme et le bouddhisme. Les Tharu qui habitent le long des berges des cours d\u2019eau vivent de la p\u00eache, tandis que ceux qui vivent dans les r\u00e9gions vallonn\u00e9es pratiquent l'agriculture et l'\u00e9levage. Ils c\u00e9l\u00e8brent un certain nombre de rituels et de f\u00eates, dont la Maghi, une f\u00eate du nouvel an, qui a lieu \u00e0 la mi-janvier. Elle est c\u00e9l\u00e9br\u00e9e avec beaucoup de fanfare pendant trois jours avec une danse sp\u00e9ciale, et le sacrifice d'animaux et de poulets.<\/p>\n<p>[\/vc_message][\/vc_tta_section][\/vc_tta_accordion][\/vc_column][\/vc_row]<\/p>","protected":false},"excerpt":{"rendered":"<p>[vc_row full_width=&#8221;stretch_row_content_no_spaces&#8221; css=&#8221;.vc_custom_1622120367254{margin-right: 0px !important;margin-left: 0px !important;background-image: url(http:\/\/www.bodhicittatours.com\/wp-content\/uploads\/2021\/05\/toran-blur.jpg?id=2507) !important;}&#8221;][vc_column][vc_tta_accordion active_section=&#8221;1&#8243; css=&#8221;.vc_custom_1622045854694{margin-right: 30px !important;margin-left: 30px !important;}&#8221;][vc_tta_section title=&#8221;Introduction&#8221; tab_id=&#8221;1567677375109-a7be4141-cda8&#8243;][vc_message icon_fontawesome=&#8221;fa fa-hand-o-right&#8221;] Nepal is one of landlocked countries of South Asia with population of 29,604,235 (according to the Central Bureau of Statistic, Nepal). The capital of this country is Kathmandu. It is also the most populated city of [&hellip;]<\/p>","protected":false},"author":1,"featured_media":0,"parent":0,"menu_order":0,"comment_status":"closed","ping_status":"closed","template":"","meta":{"footnotes":""},"class_list":["post-1397","page","type-page","status-publish","hentry"],"_links":{"self":[{"href":"https:\/\/www.bodhicittatours.com\/fr\/wp-json\/wp\/v2\/pages\/1397","targetHints":{"allow":["GET"]}}],"collection":[{"href":"https:\/\/www.bodhicittatours.com\/fr\/wp-json\/wp\/v2\/pages"}],"about":[{"href":"https:\/\/www.bodhicittatours.com\/fr\/wp-json\/wp\/v2\/types\/page"}],"author":[{"embeddable":true,"href":"https:\/\/www.bodhicittatours.com\/fr\/wp-json\/wp\/v2\/users\/1"}],"replies":[{"embeddable":true,"href":"https:\/\/www.bodhicittatours.com\/fr\/wp-json\/wp\/v2\/comments?post=1397"}],"version-history":[{"count":44,"href":"https:\/\/www.bodhicittatours.com\/fr\/wp-json\/wp\/v2\/pages\/1397\/revisions"}],"predecessor-version":[{"id":2556,"href":"https:\/\/www.bodhicittatours.com\/fr\/wp-json\/wp\/v2\/pages\/1397\/revisions\/2556"}],"wp:attachment":[{"href":"https:\/\/www.bodhicittatours.com\/fr\/wp-json\/wp\/v2\/media?parent=1397"}],"curies":[{"name":"wp","href":"https:\/\/api.w.org\/{rel}","templated":true}]}}