{"id":1469,"date":"2019-09-05T11:54:15","date_gmt":"2019-09-05T11:54:15","guid":{"rendered":"http:\/\/www.bodhicittatours.com\/?page_id=1469"},"modified":"2021-02-25T04:19:59","modified_gmt":"2021-02-25T04:19:59","slug":"buddhism","status":"publish","type":"page","link":"https:\/\/www.bodhicittatours.com\/fr\/buddhism\/","title":{"rendered":"Bouddhisme"},"content":{"rendered":"<p>[vc_row full_width=&#8221;stretch_row_content_no_spaces&#8221; css=&#8221;.vc_custom_1580728765712{background-image: url(http:\/\/www.bodhicittatours.com\/wp-content\/uploads\/2020\/02\/flag.jpg?id=1612) !important;background-position: center !important;background-repeat: no-repeat !important;background-size: contain !important;}&#8221;][vc_column][vc_message message_box_color=&#8221;alert-danger&#8221; css=&#8221;.vc_custom_1614226793004{background-color: rgba(137,137,137,0.79) !important;*background-color: rgb(137,137,137) !important;}&#8221;]<\/p>\n<p style=\"text-align: justify;\"><span style=\"color: black;\">Dans la perception occidentale, le bouddhisme est vu comme une philosophie et un art de vivre. Alors que dans la soci\u00e9t\u00e9 orientale, c'est une religion avec son propre dogme, sa philosophie et sa tradition. En g\u00e9n\u00e9ral, le bouddhisme peut \u00eatre d\u00e9fini comme l\u2019enseignement du Bouddha Sakyamuni. Ainsi, l'origine du bouddhisme remonte au premier sermon de Bouddha \u00e0 Sarnath. Mais en profondeur, selon les inscriptions grav\u00e9es dans les colonnes de pierre de l'empereur Ashoka au IIIe si\u00e8cle avant J.-C. \u00e0 Niglihawa et Gotihawa, et certains textes bouddhistes, de nombreux bouddhas existaient avant le Bouddha Sakyamuni, ce qui indique que le bouddhisme existe depuis des temps anciens, ant\u00e9rieurs au Bouddha Sakyamuni, lequel a donc suivi la voie des anciens Bouddhas.<\/span><\/p>\n<p style=\"text-align: justify;\"><span style=\"color: black;\">La pratique du bouddhisme consiste \u00e0 atteindre la paix de l'esprit en \u00e9liminant la souffrance mentale et physique.  Le but ultime de cette pratique est d'atteindre le Nirvana (l'Eveil). Le Bouddha a parl\u00e9 des quatre nobles v\u00e9rit\u00e9s concernant la souffrance et du noble sentier octuple pour \u00e9liminer cette souffrance. Il a \u00e9galement enseign\u00e9 la th\u00e9orie de la cause et de l'effet (c\u2019est-\u00e0-dire l'origine d\u00e9pendante ou le karma et son r\u00e9sultat), l'impermanence, la sagesse, la compassion, les cinq agr\u00e9gats qui contribuent \u00e0 g\u00e9n\u00e9rer la souffrance, sunyata (la vacuit\u00e9), etc. La cause principale de la souffrance est l'ignorance qui cr\u00e9e le d\u00e9sir et l'aversion, et en cons\u00e9quence nous souffrons de ne pas acqu\u00e9rir ce que nous d\u00e9sirons et de rencontrer ce que nous n'aimons pas. Ainsi, en \u00e9liminant l'ignorance, nous enlevons toutes les souillures mentales et nous r\u00e9alisons sunyata, ce qui est un \u00e9tat de b\u00e9atitude. La seule fa\u00e7on de r\u00e9aliser le Nirvana est de pratiquer pragya, silla et samadhi, gr\u00e2ce auxquels on peut r\u00e9aliser la vraie nature des \u00e9l\u00e9ments de l'univers, sunyata.<\/span><\/p>\n<p style=\"text-align: justify;\"><span style=\"color: black;\">Dans le bouddhisme, il existe 3 principaux livres saints ou Tripitaka, les Trois corbeilles : Suta Pitaka, Vinaya Pitaka et Abhidhamma Pitaka. Le premier est le recueil des enseignements du Bouddha, le deuxi\u00e8me est le livre du code de conduite dans la communaut\u00e9 bouddhiste, \u00e9labor\u00e9 pour donner des solutions au fur et \u00e0 mesure que des probl\u00e8mes survenaient dans la communaut\u00e9 bouddhiste \u00e0 l'\u00e9poque du Bouddha, et le troisi\u00e8me livre expose la philosophie bouddhiste. Il existe un autre livre, le Jataka, qui est \u00e9galement important dans le bouddhisme et qui raconte l\u2019histoire des vies ant\u00e9rieures du Bouddha Shakyamuni. Il est dit qu'une fois que le Bouddha a atteint l'Eveil, toutes ses vies ant\u00e9rieures sont apparues dans son esprit et qu\u2019il les a ensuite racont\u00e9es \u00e0 ses disciples pour leur \u00e9dification.<\/span><\/p>\n<p style=\"text-align: justify;\"><span style=\"color: black;\">Il existe trois v\u00e9hicules diff\u00e9rents dans le bouddhisme : le Theravada, le Mahayana ou Paramitayana et le Vajrayana. Historiquement, ces trois v\u00e9hicules se sont d\u00e9velopp\u00e9s peu \u00e0 peu. Mais ses croyants ne sont pas d'accord avec cette th\u00e9orie et ils disent que Bouddha a enseign\u00e9 le Theravada dans son premier sermon \u00e0 Sarnath, qu'il a enseign\u00e9 le Mahayana au Gridhkuta \u00e0 Rajgir 13 ans apr\u00e8s son Eveil, et que 16 ans apr\u00e8s il a enseign\u00e9 le Vajrayana \u00e0 Dhanyakataka.<\/span><\/p>\n<p style=\"text-align: justify;\"><span style=\"color: black;\">Certains pensent que le Bouddha enseignait en langue pali, car c\u2019\u00e9tait la langue du peuple, et le Bouddha enseignait \u00e0 toute la population sans distinctions. Le sanskrit, par contre, \u00e9tait compris seulement par l\u2019aristocratie. Comme la litt\u00e9rature du Theravada est en langue pali, on pense qu\u2019elle est plus ancienne et qu\u2019elle refl\u00e8te plus fid\u00e8lement les paroles du Bouddha que la litt\u00e9rature du Mahayana et du Vajrayana qui est en sanskrit. Le Theravada est une pratique du bouddhisme dans laquelle les disciples s'entra\u00eenent en suivant l'enseignement du Bouddha transmis par des moines exp\u00e9riment\u00e9s, et atteignent le niveau de l'Arhat ou \u00e9tat de b\u00e9atitude o\u00f9 on est libre des r\u00e9incarnations. Dans le Mahayana et le Vajrayana, le concept de Bodhisattva, la personne compatissante, est central, et les pratiquants souhaitent s\u2019incarner encore et encore pour pratiquer l\u2019altruisme en aidant tous les \u00eatres souffrants \u00e0 atteindre le Nirvana. Le Mahayana insiste aussi sur la notion de vacuit\u00e9, sunyata, d\u00e9clarant qu\u2019aucun ph\u00e9nom\u00e8ne n\u2019a d\u2019existence propre.  Dans le Vajrayana, le but est le m\u00eame mais la m\u00e9thode est diff\u00e9rente. La pratique associe la m\u00e9ditation \u00e0 l\u2019\u00e9sot\u00e9risme dans le but de devenir rapidement capable de lib\u00e9rer tous les \u00eatres de la souffrance et de les mener \u00e0 l\u2019Eveil.<\/span><\/p>\n<p style=\"text-align: justify;\"><span style=\"color: black;\">Le bouddhisme Theravada est pratiqu\u00e9 au Sri Lanka, au Myanmar, en Tha\u00eflande, au Laos et au Cambodge, tandis que le bouddhisme Mahayana est suivi en Chine, au Japon, en Cor\u00e9e et au Vietnam, et sous sa forme Vajrayana il est tr\u00e8s populaire au N\u00e9pal, au Tibet, au Bhoutan, dans le nord de l\u2019Inde et en Mongolie. On parle souvent de bouddhisme himalayen ou tib\u00e9tain. Cependant, dans la vall\u00e9e de Kathmandu au N\u00e9pal on pratique une forme propre de Vajrayana, ainsi que, depuis environ un si\u00e8cle, le bouddhisme Theravada.<\/span><\/p>\n<p>[\/vc_message][\/vc_column][\/vc_row]<\/p>","protected":false},"excerpt":{"rendered":"<p>[vc_row full_width=&#8221;stretch_row_content_no_spaces&#8221; css=&#8221;.vc_custom_1580728765712{background-image: url(http:\/\/www.bodhicittatours.com\/wp-content\/uploads\/2020\/02\/flag.jpg?id=1612) !important;background-position: center !important;background-repeat: no-repeat !important;background-size: contain !important;}&#8221;][vc_column][vc_message message_box_color=&#8221;alert-danger&#8221; css=&#8221;.vc_custom_1614226793004{background-color: rgba(137,137,137,0.79) !important;*background-color: rgb(137,137,137) !important;}&#8221;] From a western perspective, Buddhism is accepted as a philosophy of the art of living whereas in oriental society, it is a religion with its own dogma, law, philosophy and tradition. In general, Buddhism is a teaching of [&hellip;]<\/p>","protected":false},"author":1,"featured_media":0,"parent":0,"menu_order":0,"comment_status":"closed","ping_status":"closed","template":"","meta":{"footnotes":""},"class_list":["post-1469","page","type-page","status-publish","hentry"],"_links":{"self":[{"href":"https:\/\/www.bodhicittatours.com\/fr\/wp-json\/wp\/v2\/pages\/1469","targetHints":{"allow":["GET"]}}],"collection":[{"href":"https:\/\/www.bodhicittatours.com\/fr\/wp-json\/wp\/v2\/pages"}],"about":[{"href":"https:\/\/www.bodhicittatours.com\/fr\/wp-json\/wp\/v2\/types\/page"}],"author":[{"embeddable":true,"href":"https:\/\/www.bodhicittatours.com\/fr\/wp-json\/wp\/v2\/users\/1"}],"replies":[{"embeddable":true,"href":"https:\/\/www.bodhicittatours.com\/fr\/wp-json\/wp\/v2\/comments?post=1469"}],"version-history":[{"count":12,"href":"https:\/\/www.bodhicittatours.com\/fr\/wp-json\/wp\/v2\/pages\/1469\/revisions"}],"predecessor-version":[{"id":2392,"href":"https:\/\/www.bodhicittatours.com\/fr\/wp-json\/wp\/v2\/pages\/1469\/revisions\/2392"}],"wp:attachment":[{"href":"https:\/\/www.bodhicittatours.com\/fr\/wp-json\/wp\/v2\/media?parent=1469"}],"curies":[{"name":"wp","href":"https:\/\/api.w.org\/{rel}","templated":true}]}}