{"id":1517,"date":"2019-09-07T11:43:16","date_gmt":"2019-09-07T11:43:16","guid":{"rendered":"http:\/\/www.bodhicittatours.com\/?page_id=1517"},"modified":"2020-11-09T10:57:52","modified_gmt":"2020-11-09T10:57:52","slug":"hinduism","status":"publish","type":"page","link":"https:\/\/www.bodhicittatours.com\/fr\/hinduism\/","title":{"rendered":"Hindouisme"},"content":{"rendered":"<p>[vc_row css=&#8221;.vc_custom_1580729088653{background-position: center !important;background-repeat: no-repeat !important;background-size: contain !important;}&#8221;][vc_column css_animation=&#8221;fadeIn&#8221;][vc_column_text css_animation=&#8221;fadeInDown&#8221;]<\/p>\n<p style=\"text-align: justify;\">L'hindouisme est connu sous des noms diff\u00e9rents : Vedic, Sanatana, Nigama, Varnashram et Aryan Dharma. Cette religion est bas\u00e9e sur 4 livres sacr\u00e9s ou V\u00e9da : Rigveda, Samaveda, Yajurvaveda et Atharvaveda. C\u2019est pour \u00e7a que cette religion est appel\u00e9e Dharma v\u00e9dique, et comme elle est consid\u00e9r\u00e9e comme tr\u00e8s ant\u00e9rieure \u00e0 l\u2019\u00e8re chr\u00e9tienne, on l\u2019appelle aussi Sanatana Dharma, la religion \u00e9ternelle. Ce Dharma montre un chemin vers la lib\u00e9ration, c'est pourquoi il est appel\u00e9 Nigama. Il explique aussi qu\u2019il y a quatre Varna, ou castes : Brahmane, Kshatriya, Vaisya, Sudra et quatre ashrama (\u00e9tapes de la vie) : Brahmacharya (\u00e9tudiant), Grihastha (ma\u00eetre de maison), Vanaprastha (retrait\u00e9), et Sannyasi (renon\u00e7ant). Ce sont diff\u00e9rentes facettes du concept de Dharma dans l'hindouisme, qu\u2019on appelle donc aussi Varnashram Dharma. On parle aussi de Dharma arya, ou aryen, car cette religion appartient au peuple arya, dont les Brahmanes disent \u00eatre les descendants.<\/p>\n<p style=\"text-align: justify;\">L'hindouisme s\u2019est d\u00e9velopp\u00e9 en diff\u00e9rentes \u00e9tapes. Dans la premi\u00e8re \u00e9tape, quatre V\u00e9das ont \u00e9t\u00e9 introduits. Ensuite, pour combler le manque de philosophie dans ce culte, les livres sacr\u00e9s nomm\u00e9s Upanishads ont \u00e9t\u00e9 cr\u00e9\u00e9s. Puis furent r\u00e9dig\u00e9s les Puranas, r\u00e9cits qui introduisent diff\u00e9rentes divinit\u00e9s dans l\u2019hindouisme. Par la multiplication des divinit\u00e9s apparurent diff\u00e9rentes ramifications de cette religion. Shiva est pr\u00e9sent\u00e9 comme \u00e9tant le dieu le plus puissant dans le Shiva Purana, de m\u00eame pour Vishnu dans le Vishnu Purana. Dans le Shiva\u00efsme, Shiva est un dieu \u00e9minent et les adeptes de cette branche v\u00e9n\u00e8rent les diff\u00e9rentes manifestations de Shiva. De m\u00eame, les adeptes du Vishnouisme v\u00e9n\u00e8rent diff\u00e9rents avatars de Vishnu. Le Shaktisme est une autre branche de l'hindouisme dans laquelle les adeptes v\u00e9n\u00e8rent diff\u00e9rentes manifestations de la d\u00e9esse Durga ou Shakti.<\/p>\n<p style=\"text-align: justify;\">Le but des adeptes de l'hindouisme est d\u2019atteindre Moksha (la lib\u00e9ration parfaite). Il existe quatre moyens mentionn\u00e9s dans cette religion pour atteindre cet objectif. La premi\u00e8re est Gyan Marg, qui signifie \u00ab r\u00e9alisation du Soi \u00bb. En comprenant la vraie nature de tous les \u00e9l\u00e9ments qui existent dans ce monde et cet univers, nous pouvons comprendre le Soi. La compr\u00e9hension permet d\u2019atteindre Moksha. Le second est Bhakti Marg, le chemin de la d\u00e9votion. Dans cette voie, les d\u00e9vots abandonnent toute leur vie \u00e0 l'un des dieux et chantent et l\u2019adorent quotidiennement. Tout leur esprit est concentr\u00e9 dans le dieu, et ils visent ainsi \u00e0 atteindre Moksha. Le troisi\u00e8me est le yoga, qui d\u00e9signe l'union entre l'\u00e2me individuelle et l'\u00e2me universelle. C'est \u00e9galement l'une des voies pour obtenir Moksha. Huit \u00e9tapes diff\u00e9rentes sont suivies dans le yoga pour arriver au but. La derni\u00e8re voie est le Tantra, la voie de l'\u00e9sot\u00e9risme. En pratiquant le tantrisme, nous conduisons l'\u00e9nergie g\u00e9n\u00e9r\u00e9e dans la partie int\u00e9rieure du corps \u00e0 se connecter avec l'\u00e2me universelle afin d'acqu\u00e9rir la lib\u00e9ration parfaite.<\/p>\n<p style=\"text-align: justify;\">Les hindous sont polyth\u00e9istes. Ainsi, il est dit que 330 millions de divinit\u00e9s existent dans l'hindouisme. Mais les divinit\u00e9s les plus importantes sont Shiva, Vishnou et Durga. Ils ont leurs diff\u00e9rentes manifestations et avatars qui contribuent \u00e0 augmenter le nombre de dieux et de d\u00e9esses. Les dieux et d\u00e9esses li\u00e9s \u00e0 la nature, \u00e0 la cr\u00e9ation, aux diff\u00e9rentes natures humaines, aux obstacles existent \u00e9galement dans cette religion. Il est aussi question de sages, les rishis, qui ont compos\u00e9s les \u00e9pop\u00e9es hindoues \u00e0 des \u00e9poques vari\u00e9es, ainsi que des textes exposant les connaissances morales, sociales et politiques qui fondent la soci\u00e9t\u00e9 hindoue.<\/p>\n<p style=\"text-align: justify;\">De nos jours, diff\u00e9rentes sectes comme ISKON, Brahma Kumari, Radhe Radhe, Sai etc. appellent les gens \u00e0 suivre leur philosophie et leur dogme qui ont \u00e9t\u00e9 influenc\u00e9s par l'hindouisme, et \u00e0 v\u00e9n\u00e9rer les divinit\u00e9s propres \u00e0 ces sectes.<\/p>\n<p style=\"text-align: justify;\">L'hindouisme est la plus grande religion de l'Inde, car 966 millions d'Indiens ont \u00e9t\u00e9 identifi\u00e9s comme hindous, ce qui repr\u00e9sente 80 % de la population totale de l'Inde. Au N\u00e9pal, selon le rapport du recensement de 2011, 81,3 % de la population totale du pays est hindouiste ce qui fait que l'hindouisme est \u00e9galement la plus grande religion de la R\u00e9publique du N\u00e9pal. Au Bhoutan, pr\u00e8s de 23% de la population totale du Royaume provenant d'ethnies n\u00e9palaises sont hindouistes ce qui fait de l'hindouisme la deuxi\u00e8me religion du Bhoutan. La plupart des sites de p\u00e8lerinage hindous sont situ\u00e9s en Inde, \u00e0 l'exception de Pashupatinath, Muktinath et Janaki, situ\u00e9s au N\u00e9pal, et du Mont Kailash et du lac Manasarovar qui sont au Tibet.<\/p>\n<p>[\/vc_column_text][\/vc_column][\/vc_row]<\/p>","protected":false},"excerpt":{"rendered":"<p>[vc_row css=&#8221;.vc_custom_1580729088653{background-position: center !important;background-repeat: no-repeat !important;background-size: contain !important;}&#8221;][vc_column css_animation=&#8221;fadeIn&#8221;][vc_column_text css_animation=&#8221;fadeInDown&#8221;] Hinduism is known as different name, i.e. Vedic, Sanatana, Nigama, Varnashram and Aryan Dharma. This religion is based on 4 different sacred books: Rigveda, Samveda, Yejurvaveda and Adhervaveda. Thus, it is called Vedic Dharma. Because of its existence since long time before Jesus Christ, we [&hellip;]<\/p>","protected":false},"author":1,"featured_media":0,"parent":0,"menu_order":0,"comment_status":"closed","ping_status":"closed","template":"","meta":{"footnotes":""},"class_list":["post-1517","page","type-page","status-publish","hentry"],"_links":{"self":[{"href":"https:\/\/www.bodhicittatours.com\/fr\/wp-json\/wp\/v2\/pages\/1517","targetHints":{"allow":["GET"]}}],"collection":[{"href":"https:\/\/www.bodhicittatours.com\/fr\/wp-json\/wp\/v2\/pages"}],"about":[{"href":"https:\/\/www.bodhicittatours.com\/fr\/wp-json\/wp\/v2\/types\/page"}],"author":[{"embeddable":true,"href":"https:\/\/www.bodhicittatours.com\/fr\/wp-json\/wp\/v2\/users\/1"}],"replies":[{"embeddable":true,"href":"https:\/\/www.bodhicittatours.com\/fr\/wp-json\/wp\/v2\/comments?post=1517"}],"version-history":[{"count":8,"href":"https:\/\/www.bodhicittatours.com\/fr\/wp-json\/wp\/v2\/pages\/1517\/revisions"}],"predecessor-version":[{"id":2365,"href":"https:\/\/www.bodhicittatours.com\/fr\/wp-json\/wp\/v2\/pages\/1517\/revisions\/2365"}],"wp:attachment":[{"href":"https:\/\/www.bodhicittatours.com\/fr\/wp-json\/wp\/v2\/media?parent=1517"}],"curies":[{"name":"wp","href":"https:\/\/api.w.org\/{rel}","templated":true}]}}