{"id":2264,"date":"2020-11-06T04:49:31","date_gmt":"2020-11-06T04:49:31","guid":{"rendered":"http:\/\/www.bodhicittatours.com\/?page_id=2264"},"modified":"2021-02-25T09:23:55","modified_gmt":"2021-02-25T09:23:55","slug":"shikism","status":"publish","type":"page","link":"https:\/\/www.bodhicittatours.com\/fr\/shikism\/","title":{"rendered":"sikhisme"},"content":{"rendered":"<p>[vc_row][vc_column][vc_column_text]<\/p>\n<p style=\"text-align: justify;\">Le terme sikhisme vient de \u00ab sikhi \u00bb, mot d\u00e9rivant de \u00ab sikhana \u00bb qui signifie \u00ab apprentissage \u00bb, et de \u00ab sikh \u00bb qui signifie disciple ou \u00e9tudiant d\u2019un gourou. Cette religion monoth\u00e9iste, qui est la 5e plus importante foi du monde, est n\u00e9e au Panjab vers la fin du XVe si\u00e8cle. Gourou Nanak, qui est n\u00e9 dans une famille hindoue kshatriya (castes de guerriers) dans le Pakistan actuel, est le fondateur de cette religion. Il \u00e9tait contre le syst\u00e8me de castes de l'hindouisme mais a accept\u00e9 la r\u00e9incarnation et a adopt\u00e9 le Dieu unique de l'islamisme pour cr\u00e9er cette nouvelle religion avec des terminologies hindoues. Ses neuf successeurs ont continu\u00e9 en tant que gourous humains, et apr\u00e8s la r\u00e9daction de la compilation des \u00e9critures sikhes (l\u2019enseignement des 10 gourous), le Guru Grantha Sahib, par le dixi\u00e8me gourou Gourou Govinda Singh, la lign\u00e9e de gourous humains s\u2019est interrompue et ce sont les \u00e9critures qui sont d\u00e9sormais consid\u00e9r\u00e9es comme le guide spirituel \u00e9ternel des sikhs.<\/p>\n<p style=\"text-align: justify;\">Le Guru Grantha Sahib est \u00e9crit en langue panjabi et en \u00e9criture gurmukhi. Le Mul Mantra est un groupe de 12 mots qui figure au d\u00e9but de ce livre. Le Mul Mantra commence par IK OMKAR (\u00ab sans forme \u00bb), expression comprise dans la tradition sikhe comme signifiant l'unit\u00e9 de Dieu, faisant de cette religion un monoth\u00e9isme. Les croyances essentielles du sikhisme sont articul\u00e9es dans le Guru Grantha Sahib et comprennent la foi et la m\u00e9ditation sur le nom du cr\u00e9ateur unique, l'unit\u00e9 divine et l'\u00e9galit\u00e9 de tous les \u00eatres humains, l'engagement dans le seva (service d\u00e9sint\u00e9ress\u00e9), la recherche de la justice pour le b\u00e9n\u00e9fice et la prosp\u00e9rit\u00e9 de tous, une conduite et des moyens de subsistance honn\u00eates tout en menant une vie de famille.<\/p>\n<p style=\"text-align: justify;\">Les trois piliers de cette foi sont :<\/p>\n<ul>\n<li style=\"text-align: justify;\">Namjapo - m\u00e9ditation en Dieu et r\u00e9citation et chant du nom de Dieu, Waheguru.<\/li>\n<li style=\"text-align: justify;\">Kirat Karani - travailler dur et gagner de l'argent. Seul celui qui gagne sa vie \u00e0 la sueur de son front et qui partage ses gains avec les autres a d\u00e9couvert le chemin de la justice.<\/li>\n<li style=\"text-align: justify;\">Wand Chhakna - partagez les fruits de son travail avec ses voisins ou d'autres.<\/li>\n<\/ul>\n<p style=\"text-align: justify;\">Dans le sikhisme, le concept de Dieu est Waheguru (merveilleux professeur) consid\u00e9r\u00e9 comme Nirakar (sans forme), Akal (intemporel), Karta purak (le cr\u00e9ateur) et Agam agochar (incompr\u00e9hensible et invisible). Cette foi met l\u2019accent sur le Simran (m\u00e9ditation et souvenir des paroles de Dieu) qui peut \u00eatre exprim\u00e9 musicalement par le Kirtan ou int\u00e9rieurement par le Naamjapa (m\u00e9ditation sur son nom) comme un moyen de sentir la pr\u00e9sence de Dieu. Les adeptes de cette foi visent \u00e0 op\u00e9rer la transformation des cinq \u00ab voleurs \u00bb (la luxure, la col\u00e8re, la cupidit\u00e9, l'attachement et l'ego).<\/p>\n<p style=\"text-align: justify;\">Le dixi\u00e8me gourou Gobinda Rai a transform\u00e9 cette religion en une foi militante en raison de la tyrannie du pouvoir central, de l'hostilit\u00e9 des musulmans et des hindous et de leur pers\u00e9cution. Il a cr\u00e9\u00e9 l'ordre militaire des Khalsas avec ses cinq disciples pr\u00e9f\u00e9r\u00e9s (Panj Piyara). Puis, lors de leur c\u00e9r\u00e9monie de bapt\u00eame, ils ont tous re\u00e7u le nom de Singh (lion). Apr\u00e8s cet \u00e9v\u00e9nement, tous les sikhs ont gard\u00e9 Singh avec leur nom, m\u00eame le dixi\u00e8me gourou nomm\u00e9 Guru Govinda Singh. Le gourou leur a enseign\u00e9 la loi de Panj Kakaar ou des cinq \"K\" : kesh (laisser les cheveux non coup\u00e9s), kanga (porter un peigne en bois), kirpan (porter une dague ou une \u00e9p\u00e9e), kacchera (porter un short en coton) et kara (porter un bracelet en fer). Le port d'un dastar ou d'un turban est obligatoire pour les hommes sikhs baptis\u00e9s.<\/p>\n<p style=\"text-align: justify;\">Le lieu saint o\u00f9 les sikhs pratiquent leurs activit\u00e9s religieuses est connu sous le nom de Gurudwara, qui signifie \u00ab la porte qui m\u00e8ne au Guru \u00bb. Ces b\u00e2timents religieux contiennent les \u00e9critures sikhes qui repr\u00e9sentent leur gourou ou Dieu. Le sanctuaire le plus sacr\u00e9 et qui sert de lieu de p\u00e8lerinage pour tous les sikhs du monde est le Sri Harmandir Sahib ou temple d'or, \u00e0 Amritsar. Ce temple poss\u00e8de le livre sacr\u00e9 original Guru Grantha Sahib. Le temple est situ\u00e9 au centre d\u2019un \u00e9tang avec quatre entr\u00e9es \u00e0 l\u2019ext\u00e9rieur qui symbolisent l\u2019accueil pour les gens de toutes les castes et venant des quatre directions, puis \u00e0 l\u2019int\u00e9rieur il y a une seule entr\u00e9e qui repr\u00e9sente le Dieu unique. 75 % de l'ensemble des sikhs vivent dans l'\u00c9tat du Panjab en Inde.<\/p>\n<p>[\/vc_column_text][\/vc_column][\/vc_row]<\/p>","protected":false},"excerpt":{"rendered":"<p>[vc_row][vc_column][vc_column_text] The term Sikhism derives from \u201cSikhi\u201d rooted in the word sikhana signifies temporal part of learning. Sikhi also comes from \u201cSikh\u201d that means disciples or student of the Guru. This monotheistic religion which is the 5th largest faith of the world, originated in Panjab around the end of 15th century. Guru Nanak who was [&hellip;]<\/p>","protected":false},"author":1,"featured_media":0,"parent":0,"menu_order":0,"comment_status":"closed","ping_status":"closed","template":"","meta":{"footnotes":""},"class_list":["post-2264","page","type-page","status-publish","hentry"],"_links":{"self":[{"href":"https:\/\/www.bodhicittatours.com\/fr\/wp-json\/wp\/v2\/pages\/2264","targetHints":{"allow":["GET"]}}],"collection":[{"href":"https:\/\/www.bodhicittatours.com\/fr\/wp-json\/wp\/v2\/pages"}],"about":[{"href":"https:\/\/www.bodhicittatours.com\/fr\/wp-json\/wp\/v2\/types\/page"}],"author":[{"embeddable":true,"href":"https:\/\/www.bodhicittatours.com\/fr\/wp-json\/wp\/v2\/users\/1"}],"replies":[{"embeddable":true,"href":"https:\/\/www.bodhicittatours.com\/fr\/wp-json\/wp\/v2\/comments?post=2264"}],"version-history":[{"count":5,"href":"https:\/\/www.bodhicittatours.com\/fr\/wp-json\/wp\/v2\/pages\/2264\/revisions"}],"predecessor-version":[{"id":2395,"href":"https:\/\/www.bodhicittatours.com\/fr\/wp-json\/wp\/v2\/pages\/2264\/revisions\/2395"}],"wp:attachment":[{"href":"https:\/\/www.bodhicittatours.com\/fr\/wp-json\/wp\/v2\/media?parent=2264"}],"curies":[{"name":"wp","href":"https:\/\/api.w.org\/{rel}","templated":true}]}}