{"id":2268,"date":"2020-11-06T04:57:43","date_gmt":"2020-11-06T04:57:43","guid":{"rendered":"http:\/\/www.bodhicittatours.com\/?page_id=2268"},"modified":"2020-11-06T05:35:53","modified_gmt":"2020-11-06T05:35:53","slug":"islamism","status":"publish","type":"page","link":"https:\/\/www.bodhicittatours.com\/fr\/islamism\/","title":{"rendered":"Islam"},"content":{"rendered":"<p>[vc_row][vc_column][vc_column_text]<\/p>\n<p style=\"text-align: justify;\">Islam signifie litt\u00e9ralement soumission. Le proph\u00e8te de cette foi est Muhammad, n\u00e9 \u00e0 Makkah (La Mecque) vers 570 apr\u00e8s J.C. Apr\u00e8s avoir perdu ses parents dans sa jeunesse, il a \u00e9t\u00e9 \u00e9lev\u00e9 par sa famille \u00e9largie. Il a \u00e9pous\u00e9 Khadijah, une riche veuve commer\u00e7ante. Ensuite tous les deux se sont lanc\u00e9s dans les affaires. En 610, pendant une p\u00e9riode de solitude \u00e0 La Mecque, il a commenc\u00e9 \u00e0 recevoir des r\u00e9v\u00e9lations divines par l'interm\u00e9diaire de l\u2019ange Jibril (Gabriel). Puis il a appris \u00e0 pr\u00eacher une nouvelle foi monoth\u00e9iste alors que les gens \u00e9taient pa\u00efens. Il a transmis les r\u00e9v\u00e9lations qu'il a acquises pendant 22 ans. Plus tard, ces passages r\u00e9v\u00e9l\u00e9s ont constitu\u00e9 le Coran, le livre saint de l'islam. Les musulmans consid\u00e8rent que le Coran est d'origine divine, un texte parfait qui contient les paroles transcrites d'Allah telles que re\u00e7ues par le proph\u00e8te Muhammad de 610 \u00e0 662.<\/p>\n<p style=\"text-align: justify;\">Le Coran n'a pas \u00e9t\u00e9 \u00e9crit par Muhammad lui-m\u00eame (il ne savait pas lire ni \u00e9crire). Il a transmis oralement les paroles d'Allah, l'int\u00e9gralit\u00e9 des r\u00e9v\u00e9lations qu'il avait re\u00e7ues, \u00e0 ses premiers disciples qui les ont m\u00e9moris\u00e9es et les ont transmises \u00e0 l'autre. Plus tard, Zayd ibn Thabit (611 - 656), l'un des principaux scribes de la communaut\u00e9, rassembla les r\u00e9v\u00e9lations \u00e9crites et nota toutes celles qui existaient sous forme m\u00e9moris\u00e9e (non \u00e9crite). Puis, sous le r\u00e8gne du calife Uthman ibn Affan (644 - 656), une version standardis\u00e9e a \u00e9t\u00e9 r\u00e9dig\u00e9e et envoy\u00e9e aux quatre villes de Koufa, M\u00e9dine, Damas et Bassora. Le Coran contient 114 suwar (chapitres) contenant chacun une des r\u00e9v\u00e9lations re\u00e7ues par le Proph\u00e8te \u00e0 La Mecque et \u00e0 M\u00e9dine. Ils se distinguent par leur longueur, certains comportant 3 ayat (versets) et d'autres jusqu'\u00e0 286. Le Coran donne des conseils pratiques d\u00e9taill\u00e9s sur les modes de vie qui sont acceptables pour Allah. Il enseigne le monoth\u00e9isme et rejette l'idol\u00e2trie.<\/p>\n<p style=\"text-align: justify;\">L'islam exige que tous les musulmans remplissent cinq devoirs fondamentaux (les cinq piliers de l'Islam), qui sont les suivants :<\/p>\n<ol>\n<li style=\"text-align: justify;\"><strong>La shahadah<\/strong>, ou profession de foi, qui consiste \u00e0 r\u00e9citer la d\u00e9claration de foi \u00abIl n'y a pas d'autre dieu que Dieu, et Mohammed est son messager\u00bb.<\/li>\n<li style=\"text-align: justify;\"><strong>Salah<\/strong>, ou pri\u00e8re quotidienne, \u00e0 accomplir chaque jour \u00e0 cinq moments d\u00e9termin\u00e9s entre l'aube et le soir.<\/li>\n<li style=\"text-align: justify;\"><strong>Zakah<\/strong>, ou don charitable d'aum\u00f4nes aux pauvres.<\/li>\n<li style=\"text-align: justify;\"><strong>Sawm<\/strong>, ou je\u00fbne annuel pendant les heures du jour du mois de Ramadhan chaque ann\u00e9e.<\/li>\n<li style=\"text-align: justify;\"><strong>The Hajj<\/strong>, ou le p\u00e8lerinage \u00e0 la Kaabah de La Mecque, qui doit \u00eatre r\u00e9alis\u00e9 au moins une fois dans la vie de chaque musulman.<\/li>\n<\/ol>\n<p style=\"text-align: justify;\">La Mecque est le lieu de p\u00e8lerinage le plus important pour les musulmans car c'est le lieu de naissance de Mohammed et celui des premi\u00e8res r\u00e9v\u00e9lations, et d\u2019autre part Allah a ordonn\u00e9 \u00e0 Mohammed de prier en direction de la Kaabah \u00e0 la Mecque. Un autre site de p\u00e8lerinage est M\u00e9dine (nom ancien : Yathrib) o\u00f9 le proph\u00e8te a immigr\u00e9 lors de la hijra, en 622, ce qui a \u00e9t\u00e9 un moment important pour les premiers musulmans et marque le d\u00e9but de l'histoire islamique. Ainsi, 622 de notre \u00e8re est la premi\u00e8re ann\u00e9e du calendrier musulman, 1AH (Anno Hegirae), l'ann\u00e9e de l'h\u00e9gire.<\/p>\n<p style=\"text-align: justify;\" class=\"translation-block\">Les musulmans effectuent leur pratique religieuse ainsi que des activit\u00e9s sociales, \u00e9ducatives et communautaires dans la mosqu\u00e9e qui est leur lieu saint. Le terme de mosqu\u00e9e vient du mot arabe masjid qui signifie \u00ab lieu de prosternation \u00bb. Les musulmans peuvent y prier en inclinant leur front vers le sol cinq fois par jour, un acte de soumission \u00e0 Allah qui est requis dans cette religion. Il existe trois types de mosqu\u00e9e, la premi\u00e8re est la mosqu\u00e9e quotidienne, petit b\u00e2timent utilis\u00e9 par les habitants pour les cinq pri\u00e8res quotidiennes. La seconde est la jami ou mosqu\u00e9e de congr\u00e9gation. Il s'agit d'une mosqu\u00e9e de plus grande taille utilis\u00e9e par une foule de personnes pour la grande pri\u00e8re collective du vendredi. Elle contient un minbar (une chaire) pour les sermons du vendredi.  Le troisi\u00e8me type de mosqu\u00e9e est un grand espace ext\u00e9rieur pour le rassemblement et la pri\u00e8re. La maison du proph\u00e8te \u00e0 M\u00e9dine, construite en 622, \u00e9tait le prototype des premi\u00e8res mosqu\u00e9es. La premi\u00e8re mosqu\u00e9e avait une salle de pri\u00e8re \u00e0 toit plat menant \u00e0 un sahn (une cour ouverte) qui avait g\u00e9n\u00e9ralement des arcades sur les c\u00f4t\u00e9s. Souvent, la fontaine est install\u00e9e pour les ablutions rituelles au centre de la cour. Il y a un mihrab ou une niche dans le mur pour la Qibla (la direction de la Kaabah \u00e0 La Mecque). Les minarets ont \u00e9t\u00e9 ajout\u00e9s \u00e0 la mosqu\u00e9e \u00e0 la fin du VIIe si\u00e8cle pour que le muezzin envoie les cinq appels quotidiens \u00e0 la pri\u00e8re. Une des premi\u00e8res mosqu\u00e9es est la Grande Mosqu\u00e9e de Damas construite en 706 - 715.<\/p>\n<p style=\"text-align: justify;\">La madrasa est un mot arabe qui d\u00e9signe un lieu d\u2019enseignement et d\u2019apprentissage. C'est le centre d'\u00e9ducation o\u00f9 les gens peuient \u00e9tudier le Coran, la th\u00e9ologie et bien d'autres sujets. Elle peut \u00eatre rattach\u00e9e \u00e0 une mosqu\u00e9e ou \u00eatre ind\u00e9pendante. La plus ancienne madrasa connue, cr\u00e9\u00e9e en 859 par Fatima al- Fihri, est Al - Qurawiyyin, situ\u00e9e dans la mosqu\u00e9e des Quarawiyyines \u00e0 F\u00e8s, au Maroc.<\/p>\n<p>[\/vc_column_text][\/vc_column][\/vc_row]<\/p>","protected":false},"excerpt":{"rendered":"<p>[vc_row][vc_column][vc_column_text] Islam literally means Submission. The prophet of this faith is Muhammad who was born in Makkah around 570CE. After losing his parents in young age, he was raised by his extended family. He married Khadijah, a wealthy merchant widow and both involved in business later. In 610CE during a period of solitary in Makkah, [&hellip;]<\/p>","protected":false},"author":1,"featured_media":0,"parent":0,"menu_order":0,"comment_status":"closed","ping_status":"closed","template":"","meta":{"footnotes":""},"class_list":["post-2268","page","type-page","status-publish","hentry"],"_links":{"self":[{"href":"https:\/\/www.bodhicittatours.com\/fr\/wp-json\/wp\/v2\/pages\/2268","targetHints":{"allow":["GET"]}}],"collection":[{"href":"https:\/\/www.bodhicittatours.com\/fr\/wp-json\/wp\/v2\/pages"}],"about":[{"href":"https:\/\/www.bodhicittatours.com\/fr\/wp-json\/wp\/v2\/types\/page"}],"author":[{"embeddable":true,"href":"https:\/\/www.bodhicittatours.com\/fr\/wp-json\/wp\/v2\/users\/1"}],"replies":[{"embeddable":true,"href":"https:\/\/www.bodhicittatours.com\/fr\/wp-json\/wp\/v2\/comments?post=2268"}],"version-history":[{"count":3,"href":"https:\/\/www.bodhicittatours.com\/fr\/wp-json\/wp\/v2\/pages\/2268\/revisions"}],"predecessor-version":[{"id":2271,"href":"https:\/\/www.bodhicittatours.com\/fr\/wp-json\/wp\/v2\/pages\/2268\/revisions\/2271"}],"wp:attachment":[{"href":"https:\/\/www.bodhicittatours.com\/fr\/wp-json\/wp\/v2\/media?parent=2268"}],"curies":[{"name":"wp","href":"https:\/\/api.w.org\/{rel}","templated":true}]}}